{"id":33228,"date":"2022-09-30T09:22:31","date_gmt":"2022-09-30T09:22:31","guid":{"rendered":"https:\/\/staging2.gzw.ch\/?page_id=33228"},"modified":"2024-07-16T09:35:57","modified_gmt":"2024-07-16T09:35:57","slug":"knie-prp","status":"publish","type":"page","link":"https:\/\/staging2.gzw.ch\/de\/knie-prp\/","title":{"rendered":"Knie &#8211; PRP"},"content":{"rendered":"<div class=\"wpb-content-wrapper\"><p>[vc_row full_width=&#8221;stretch_row&#8221; enable_first_overlay=&#8221;true&#8221; first_overlay_opacity=&#8221;100&#8243; first_background_color=&#8221;#555555&#8243; enable_parallax=&#8221;true&#8221; css=&#8221;.vc_custom_1511655817644{margin-top: -60px !important;}&#8221;][vc_column]\n\t\t\t<!-- START GZW_Knie_S_02 REVOLUTION SLIDER 6.6.20 --><p class=\"rs-p-wp-fix\"><\/p>\n\t\t\t<rs-module-wrap id=\"rev_slider_11_1_wrapper\" data-source=\"gallery\" style=\"visibility:hidden;background:transparent;padding:0;margin:0px auto;margin-top:0;margin-bottom:0;\">\n\t\t\t\t<rs-module id=\"rev_slider_11_1\" style=\"\" data-version=\"6.6.20\">\n\t\t\t\t\t<rs-slides style=\"overflow: hidden; position: absolute;\">\n\t\t\t\t\t\t<rs-slide style=\"position: absolute;\" data-key=\"rs-64\" data-title=\"Knie_PRP\" data-duration=\"5000ms\" data-anim=\"ms:1000;r:0;\" data-in=\"o:0;\" data-out=\"a:false;\">\n\t\t\t\t\t\t\t<img decoding=\"async\" src=\"\/\/staging2.gzw.ch\/wp-content\/plugins\/revslider\/public\/assets\/assets\/dummy.png\" alt=\"\" title=\"gzw_Slider_01_04\" width=\"2480\" height=\"800\" class=\"rev-slidebg tp-rs-img rs-lazyload\" data-lazyload=\"\/\/staging2.gzw.ch\/wp-content\/uploads\/2022\/09\/gzw_Slider_01_04.jpg\" data-bg=\"p:center bottom;\" data-no-retina>\n<!---->\t\t\t\t\t\t<\/rs-slide>\n\t\t\t\t\t<\/rs-slides>\n\t\t\t\t\t<rs-static-layers><!--\n\n\t\t\t\t\t\t\t--><a\n\t\t\t\t\t\t\t\tid=\"slider-11-slide-11-layer-4\" \n\t\t\t\t\t\t\t\tclass=\"rs-layer rev-btn rs-layer-static\"\n\t\t\t\t\t\t\t\thref=\"\/Praxis\" target=\"_self\"\n\t\t\t\t\t\t\t\tdata-type=\"button\"\n\t\t\t\t\t\t\t\tdata-color=\"#d6d6d6\"\n\t\t\t\t\t\t\t\tdata-rsp_ch=\"on\"\n\t\t\t\t\t\t\t\tdata-xy=\"x:r;xo:13px,10px,8px,6px;y:b;yo:62px,57px,43px,54px;\"\n\t\t\t\t\t\t\t\tdata-text=\"w:normal;s:16,17,16,17;l:35,37,28,32;fw:500;a:center;\"\n\t\t\t\t\t\t\t\tdata-dim=\"w:214px,225px,205px,217px;minh:0,none,none,none;\"\n\t\t\t\t\t\t\t\tdata-basealign=\"slide\"\n\t\t\t\t\t\t\t\tdata-onslides=\"s:1;\"\n\t\t\t\t\t\t\t\tdata-padding=\"r:22,24,18,21;l:22,24,18,21;\"\n\t\t\t\t\t\t\t\tdata-frame_1=\"st:1060;sR:1060;\"\n\t\t\t\t\t\t\t\tdata-frame_999=\"o:0;st:5000;sR:3640;\"\n\t\t\t\t\t\t\t\tdata-frame_hover=\"c:#00356a;bgc:rgba(0,53,106,0.2);bor:0px,0px,0px,0px;\"\n\t\t\t\t\t\t\t\tstyle=\"z-index:9;background-color:rgba(0,32,107,0.54);font-family:'Montserrat';\"\n\t\t\t\t\t\t\t>Kontakt\/Anmeldung \n\t\t\t\t\t\t\t<\/a><!--\n\n\t\t\t\t\t\t\t--><a\n\t\t\t\t\t\t\t\tid=\"slider-11-slide-11-layer-5\" \n\t\t\t\t\t\t\t\tclass=\"rs-layer rev-btn rs-layer-static\"\n\t\t\t\t\t\t\t\thref=\"\/Praxis\" target=\"_self\"\n\t\t\t\t\t\t\t\tdata-type=\"button\"\n\t\t\t\t\t\t\t\tdata-color=\"#d6d6d6\"\n\t\t\t\t\t\t\t\tdata-rsp_ch=\"on\"\n\t\t\t\t\t\t\t\tdata-xy=\"x:r;xo:13px,11px,8px,6px;y:b;yo:19px,15px,11px,16px;\"\n\t\t\t\t\t\t\t\tdata-text=\"w:normal;s:16,17,16,17;l:35,36,27,30;fw:500;a:center;\"\n\t\t\t\t\t\t\t\tdata-dim=\"w:214px,225px,205px,217px;minh:0,none,none,none;\"\n\t\t\t\t\t\t\t\tdata-basealign=\"slide\"\n\t\t\t\t\t\t\t\tdata-onslides=\"s:1;\"\n\t\t\t\t\t\t\t\tdata-padding=\"r:22,23,17,19;l:22,23,17,19;\"\n\t\t\t\t\t\t\t\tdata-frame_1=\"st:1380;sR:1380;\"\n\t\t\t\t\t\t\t\tdata-frame_999=\"o:0;st:5000;sR:3320;\"\n\t\t\t\t\t\t\t\tdata-frame_hover=\"c:#00356a;bgc:rgba(0,53,106,0.2);bor:0px,0px,0px,0px;\"\n\t\t\t\t\t\t\t\tstyle=\"z-index:8;background-color:rgba(0,32,107,0.54);font-family:'Montserrat';\"\n\t\t\t\t\t\t\t>Notfall \n\t\t\t\t\t\t\t<\/a><!--\n\t\t\t\t\t--><\/rs-static-layers>\n\t\t\t\t<\/rs-module>\n\t\t\t\t<script>\n\t\t\t\t\tsetREVStartSize({c: 'rev_slider_11_1',rl:[1240,1024,778,480],el:[400,300,300,300],gw:[1240,1024,778,480],gh:[400,300,300,300],type:'standard',justify:'',layout:'fullwidth',mh:\"0\"});if (window.RS_MODULES!==undefined && window.RS_MODULES.modules!==undefined && window.RS_MODULES.modules[\"revslider111\"]!==undefined) {window.RS_MODULES.modules[\"revslider111\"].once = false;window.revapi11 = undefined;if (window.RS_MODULES.checkMinimal!==undefined) window.RS_MODULES.checkMinimal()}\n\t\t\t\t<\/script>\n\t\t\t<\/rs-module-wrap>\n\t\t\t<!-- END REVOLUTION SLIDER -->\n[\/vc_column][\/vc_row][vc_row][vc_column width=&#8221;3\/12&#8243; el_class=&#8221;gzw_prp_inj_row_01&#8243; css=&#8221;.vc_custom_1664901806239{margin-top: -140px !important;}&#8221;]<div data-id=\"mpc_image-1069e22f960def5\" onclick=\"\" class=\"mpc-image mpc-init gzw_prp_inj_01\" ><div class=\"mpc-item mpc-transition\"><img loading=\"lazy\" decoding=\"async\" width=\"405\" height=\"353\" src=\"https:\/\/staging2.gzw.ch\/wp-content\/uploads\/2022\/08\/gzw_beh_huefte_prp_03.png\" class=\"mpc-transition attachment-full\" alt=\"\" title=\"gzw_beh_huefte_prp_03\" srcset=\"https:\/\/staging2.gzw.ch\/wp-content\/uploads\/2022\/08\/gzw_beh_huefte_prp_03.png 405w, https:\/\/staging2.gzw.ch\/wp-content\/uploads\/2022\/08\/gzw_beh_huefte_prp_03-300x261.png 300w\" sizes=\"auto, (max-width: 405px) 100vw, 405px\" \/><\/div><\/div>[\/vc_column][vc_column width=&#8221;9\/12&#8243;][\/vc_column][\/vc_row][vc_row][vc_column][vc_empty_space height=&#8221;50px&#8221;][vc_column_text el_class=&#8221;gzw_headlines_01&#8243;]<\/p>\n<h1>Eigenblut-Therapie (PRP)<\/h1>\n<p>[\/vc_column_text][\/vc_column][\/vc_row][vc_row][vc_column][vc_column_text]Auf dieser Seite finden Sie als Patient die wichtigsten Informationen zu diesem Eingriff.<br \/>\nSie k\u00f6nnen sich diese Informationen auch in Form einer <a href=\"\/wp-content\/uploads\/2024\/07\/PatBroschuere_PRP_202407-1.pdf\">Brosch\u00fcre herunterladen.<\/a>[\/vc_column_text][\/vc_column][\/vc_row][vc_row][vc_column][vc_column_text]<\/p>\n<h4>Kurz erkl\u00e4rt<\/h4>\n<p>[\/vc_column_text][\/vc_column][\/vc_row][vc_row][vc_column][vc_column_text]Es ist unser Bestreben, f\u00fcr Sie immer eine optimal auf Ihr Krankheitsbild abgestimmte, m\u00f6glichst schonende und erfolgversprechende Behandlung zu finden.<br \/>\nBei degenerativen Erkrankungen von Gelenken, aber auch bei Verletzungen am muskuloskelettalen Bewegungsapparat, hat die Ihnen empfohlene Eigenblut-Therapie in den letzten Jahren immer mehr an Bedeutung gewonnen.[\/vc_column_text][\/vc_column][\/vc_row][vc_row][vc_column][vc_column_text]<\/p>\n<h5>Was ist PRP?<\/h5>\n<p>Die Abk\u00fcrzung PRP steht f\u00fcr pl\u00e4ttchenreiches Plasma.<br \/>\nBei dieser Behandlungsmethode wird das eigene Blut des Patienten aufbereitet. Die daraus gewonnenen Zellen und Bestandteile werden ohne Zugabe von anderen Substanzen direkt an den Ort der Verletzung oder Erkrankung gespritzt, um die Regeneration und Heilung zu beschleunigen.[\/vc_column_text][\/vc_column][\/vc_row][vc_row][vc_column][vc_column_text]<\/p>\n<h5>Warum wird PRP eingesetzt?<\/h5>\n<p>Die Eigenblut-Therapie wird in diversen medizinischen Fachbereichen seit Jahren erfolgreich angewandt. In der Orthop\u00e4die kommt PRP bei folgenden Indikationen zum Einsatz:<\/p>\n<p><strong>Bei akuten Erkrankungen des Bewegungsapparates<\/strong><br \/>\nMuskel-, Sehnen-, Bandverletzungen oder -entz\u00fcndungen.<\/p>\n<p><strong>Bei chronischen Erkrankungen des Bewegungsapparates<\/strong><br \/>\nGelenksarthrose, Schleimbeutel-Entz\u00fcndungen an Schulter, H\u00fcfte oder Knie, Tennis-Ellbogen sowie Achillessehne-Beschwerden.<\/p>\n<p>[\/vc_column_text][\/vc_column][\/vc_row][vc_row][vc_column][vc_column_text]<\/p>\n<h5>Wie wirkt die PRP-Therapie?<\/h5>\n<p>Im Blut sind neben roten und weissen Blutzellen auch Thrombozyten (Blutpl\u00e4ttchen) und Proteine enthalten. Sowohl Thrombozyten als auch im Blutplasma gel\u00f6ste Proteine (Wachstumsfaktoren) spielen eine sehr wichtige Rolle in der Regeneration und Heilung von K\u00f6rpergewebe. In der aus dem Eigenblut gewonnen Serumfl\u00fcssigkeit ist die Zahl dieser Thrombozyten und Wachstumsfaktoren mehrfach erh\u00f6ht, wodurch nicht nur Heilung und Neubildung von Zellen beschleunigt wird, sondern auch eine nachhaltige Schmerzlinderung eintreten kann.<\/p>\n<p>Schl\u00e4gt die Therapie an, ist nach 3 bis 5 Wochen eine Wirkung zu erwarten, die \u00fcber einen Zeitraum von 6 bis 12 Monaten anhalten kann.[\/vc_column_text][\/vc_column][\/vc_row][vc_row][vc_column][vc_column_text]<\/p>\n<h5>Werden die Kosten von der Versicherung \u00fcbernommen?<\/h5>\n<p>Diese Therapie ist (noch) nicht durch die Pflichtleistungen der Krankenkassen und Unfallversicherungen abgedeckt; die Behandlungskosten gehen zulasten der Patientinnen und Patienten. Einige Versicherungen \u00fcbernehmen die Kosten auf Anfrage im Rahmen einer Zusatzversicherung.[\/vc_column_text][\/vc_column][\/vc_row][vc_row][vc_column][vc_empty_space height=&#8221;40px&#8221;][vc_column_text]<\/p>\n<h4>Behandlungsablauf<\/h4>\n<p>[\/vc_column_text][\/vc_column][\/vc_row][vc_row][vc_column width=&#8221;6\/12&#8243;][vc_column_text]<\/p>\n<h5><span style=\"color: #00356a;\">1. Blutentnahme<\/span><\/h5>\n<p>In einen ersten Schritt wird mit einem speziellen Spritzensystem an einer Armvene des Patienten eine geringe Menge Blut (ca. 10-15 ml) entnommen.[\/vc_column_text][vc_column_text]<\/p>\n<h5><span style=\"color: #00356a;\">2. Aufbereitung<\/span><\/h5>\n<p>In unserem Praxislabor wird mittels einer Zentrifuge das Blut in seine verschiedenen Bestandteile aufgetrennt.[\/vc_column_text][vc_single_image image=&#8221;33138&#8243; img_size=&#8221;medium&#8221;][vc_column_text]<\/p>\n<h5><span style=\"color: #00356a;\">3. Injektion<\/span><\/h5>\n<p>Der in diesem Prozess gewonnene Plasma-\u00dcberstand von etwa 2-4 ml wird anschliessend in das betroffene Gebiet oder Gelenk des Patienten gespritzt.<\/p>\n<p>Der gesamte Ablauf dauert nicht l\u00e4nger als 30 Minuten.[\/vc_column_text][\/vc_column][vc_column width=&#8221;1\/12&#8243;][\/vc_column][vc_column width=&#8221;5\/12&#8243;][vc_empty_space height=&#8221;10px&#8221;]<div data-id=\"mpc_image-8169e22f960e5b0\" onclick=\"\" class=\"mpc-image mpc-init \" ><div class=\"mpc-item mpc-transition\"><img loading=\"lazy\" decoding=\"async\" width=\"1606\" height=\"1628\" src=\"https:\/\/staging2.gzw.ch\/wp-content\/uploads\/2022\/09\/pic_Knie_PRP_01.jpg\" class=\"mpc-transition attachment-full\" alt=\"\" title=\"pic_Knie_PRP_01\" srcset=\"https:\/\/staging2.gzw.ch\/wp-content\/uploads\/2022\/09\/pic_Knie_PRP_01.jpg 1606w, https:\/\/staging2.gzw.ch\/wp-content\/uploads\/2022\/09\/pic_Knie_PRP_01-296x300.jpg 296w, https:\/\/staging2.gzw.ch\/wp-content\/uploads\/2022\/09\/pic_Knie_PRP_01-1010x1024.jpg 1010w, https:\/\/staging2.gzw.ch\/wp-content\/uploads\/2022\/09\/pic_Knie_PRP_01-768x779.jpg 768w, https:\/\/staging2.gzw.ch\/wp-content\/uploads\/2022\/09\/pic_Knie_PRP_01-1515x1536.jpg 1515w, https:\/\/staging2.gzw.ch\/wp-content\/uploads\/2022\/09\/pic_Knie_PRP_01-500x507.jpg 500w, https:\/\/staging2.gzw.ch\/wp-content\/uploads\/2022\/09\/pic_Knie_PRP_01-600x608.jpg 600w, https:\/\/staging2.gzw.ch\/wp-content\/uploads\/2022\/09\/pic_Knie_PRP_01-100x100.jpg 100w\" sizes=\"auto, (max-width: 1606px) 100vw, 1606px\" \/><\/div><\/div>[vc_empty_space height=&#8221;10&#8243;][\/vc_column][\/vc_row][vc_row][vc_column][vc_empty_space height=&#8221;40px&#8221;][vc_column_text]<\/p>\n<h4>Vor der Behandlung<\/h4>\n<p>[\/vc_column_text][\/vc_column][\/vc_row][vc_row][vc_column][vc_column_text]<\/p>\n<ul>\n<li>Die Verwendung von Cortisonpr\u00e4paraten sollte 2-3 Wochen vor dem Eingriff abgesetzt werden.<\/li>\n<li>Die Verwendung von NSAR (nicht-steroidale Antirheumatika; z. B. Ibuprofen (Brufen\u00ae), Diclofenac (Voltaren\u00ae, Olfen\u00ae), Mefenacid (Ponstan\u00ae) sollte eine Woche vor dem Eingriff abgesetzt werden.<\/li>\n<li>Injektion bei Patienten unter Blutverd\u00fcnnung wird nur nach R\u00fccksprache mit dem Arzt durchgef\u00fchrt.<\/li>\n<li>Die Fl\u00fcssigkeitsaufnahme sollte 24 Stunden vor dem Eingriff erh\u00f6ht werden.<\/li>\n<\/ul>\n<p>[\/vc_column_text][\/vc_column][\/vc_row][vc_row][vc_column][vc_empty_space height=&#8221;40px&#8221;][\/vc_column][\/vc_row][vc_row][vc_column width=&#8221;9\/12&#8243;][vc_column_text]<\/p>\n<h4>Zusammenfassung<\/h4>\n<p>[\/vc_column_text][vc_column_text]<\/p>\n<h5>Ziele einer PRP-Therapie<\/h5>\n<ul>\n<li>Wiederaufbau des verletzten Gewebes<\/li>\n<li>Hemmung von schmerzhaften Entz\u00fcndungsvorg\u00e4ngen<\/li>\n<li>Verbesserung der Beweglichkeit<\/li>\n<li>Verz\u00f6gerung des Fortschreitens der Krankheit und der Notwendigkeit eines k\u00fcnstlichen Gelenks<\/li>\n<li>Reduzierung von Schmerzmitteln mit eventuellen Nebenwirkungen<\/li>\n<\/ul>\n<p>[\/vc_column_text][vc_empty_space height=&#8221;10px&#8221;][vc_column_text]<\/p>\n<h5>Vorteile gegen\u00fcber einer Cortison-Therapie<\/h5>\n<p>Der Vorteil von PRP gegen\u00fcber Cortison liegt in der nachhaltigeren Wirkung und im regenerativen Effekt.<\/p>\n<p>W\u00e4hrend Cortison das Gewebe eher schw\u00e4cht und f\u00fcr sp\u00e4tere Belastungsphasen empfindlicher macht, st\u00e4rkt PRP den Heilungsprozess. So werden durch die Thrombozyten Wachstumsfaktoren ausgesch\u00fcttet, welche Stammzellen anziehen, die gesch\u00e4digtes Gewebe regenerieren.<\/p>\n<p>Zudem l\u00e4sst die Wirkung von Cortison gegen Schmerzen schneller nach; in der Regel bereits nach 2 bis 4 Wochen (PRP: Erst nach 6 bis 12 Monaten).[\/vc_column_text][\/vc_column][vc_column width=&#8221;1\/12&#8243;][\/vc_column][vc_column width=&#8221;2\/12&#8243;]<div data-id=\"mpc_image-4769e22f960ebda\" onclick=\"\" class=\"mpc-image mpc-init \" ><div class=\"mpc-item mpc-transition\"><img loading=\"lazy\" decoding=\"async\" width=\"675\" height=\"1254\" src=\"https:\/\/staging2.gzw.ch\/wp-content\/uploads\/2022\/08\/pic__PRP_03.jpg\" class=\"mpc-transition attachment-full\" alt=\"\" title=\"pic__PRP_03\" srcset=\"https:\/\/staging2.gzw.ch\/wp-content\/uploads\/2022\/08\/pic__PRP_03.jpg 675w, https:\/\/staging2.gzw.ch\/wp-content\/uploads\/2022\/08\/pic__PRP_03-161x300.jpg 161w, https:\/\/staging2.gzw.ch\/wp-content\/uploads\/2022\/08\/pic__PRP_03-551x1024.jpg 551w, https:\/\/staging2.gzw.ch\/wp-content\/uploads\/2022\/08\/pic__PRP_03-500x929.jpg 500w, https:\/\/staging2.gzw.ch\/wp-content\/uploads\/2022\/08\/pic__PRP_03-600x1115.jpg 600w\" sizes=\"auto, (max-width: 675px) 100vw, 675px\" \/><\/div><\/div>[\/vc_column][\/vc_row][vc_row][vc_column][\/vc_column][\/vc_row][vc_row][vc_column][\/vc_column][\/vc_row][vc_row][vc_column][vc_empty_space height=&#8221;10&#8243;][vc_separator color=&#8221;custom&#8221; accent_color=&#8221;#00356a&#8221;][\/vc_column][\/vc_row][vc_row][vc_column][vc_column_text]<\/p>\n<h4>Ihr Spezialist f\u00fcr Kniechirurgie<\/h4>\n<p>[\/vc_column_text][\/vc_column][\/vc_row][vc_row][vc_column width=&#8221;1\/4&#8243;]<div data-id=\"mpc_image-6669e22f960f1ee\" onclick=\"\" class=\"mpc-image mpc-init \" ><a href=\"\/team\/pd-dr-med-peter-koch\/\" title=\"\"  class=\"mpc-item mpc-transition\"><img loading=\"lazy\" decoding=\"async\" width=\"300\" height=\"177\" src=\"https:\/\/staging2.gzw.ch\/wp-content\/uploads\/2021\/05\/Koch_Portrait_02K-300x177.jpg\" class=\"mpc-transition attachment-medium\" alt=\"\" title=\"Koch_Portrait_02K\" srcset=\"https:\/\/staging2.gzw.ch\/wp-content\/uploads\/2021\/05\/Koch_Portrait_02K-300x177.jpg 300w, https:\/\/staging2.gzw.ch\/wp-content\/uploads\/2021\/05\/Koch_Portrait_02K-768x452.jpg 768w, https:\/\/staging2.gzw.ch\/wp-content\/uploads\/2021\/05\/Koch_Portrait_02K-500x294.jpg 500w, https:\/\/staging2.gzw.ch\/wp-content\/uploads\/2021\/05\/Koch_Portrait_02K-600x353.jpg 600w, https:\/\/staging2.gzw.ch\/wp-content\/uploads\/2021\/05\/Koch_Portrait_02K.jpg 800w\" sizes=\"auto, (max-width: 300px) 100vw, 300px\" \/><\/a><\/div>[\/vc_column][vc_column width=&#8221;3\/4&#8243;][vc_column_text]<\/p>\n<h5>PD Dr. med. Peter Koch<\/h5>\n<p>Facharzt Orthop\u00e4die und Traumatologie des Bewegungsapparates, FMH[\/vc_column_text][\/vc_column][\/vc_row][vc_row][vc_column][vc_empty_space height=&#8221;40&#8243;][\/vc_column][\/vc_row]<\/p>\n<\/div>","protected":false},"excerpt":{"rendered":"<p>[vc_row full_width=&#8221;stretch_row&#8221; enable_first_overlay=&#8221;true&#8221; first_overlay_opacity=&#8221;100&#8243; first_background_color=&#8221;#555555&#8243; enable_parallax=&#8221;true&#8221; css=&#8221;.vc_custom_1511655817644{margin-top: -60px !important;}&#8221;][vc_column][\/vc_column][\/vc_row][vc_row][vc_column width=&#8221;3\/12&#8243; el_class=&#8221;gzw_prp_inj_row_01&#8243; css=&#8221;.vc_custom_1664901806239{margin-top: -140px !important;}&#8221;][\/vc_column][vc_column width=&#8221;9\/12&#8243;][\/vc_column][\/vc_row][vc_row][vc_column][vc_empty_space height=&#8221;50px&#8221;][vc_column_text el_class=&#8221;gzw_headlines_01&#8243;] Eigenblut-Therapie (PRP) [\/vc_column_text][\/vc_column][\/vc_row][vc_row][vc_column][vc_column_text]Auf dieser Seite finden Sie als Patient die wichtigsten Informationen zu diesem Eingriff. Sie k\u00f6nnen sich diese Informationen auch in Form einer Brosch\u00fcre herunterladen.[\/vc_column_text][\/vc_column][\/vc_row][vc_row][vc_column][vc_column_text] Kurz erkl\u00e4rt [\/vc_column_text][\/vc_column][\/vc_row][vc_row][vc_column][vc_column_text]Es ist unser Bestreben, f\u00fcr Sie immer eine optimal auf<\/p>\n","protected":false},"author":1,"featured_media":0,"parent":0,"menu_order":0,"comment_status":"closed","ping_status":"closed","template":"","meta":{"footnotes":""},"class_list":["post-33228","page","type-page","status-publish","hentry"],"_links":{"self":[{"href":"https:\/\/staging2.gzw.ch\/de\/wp-json\/wp\/v2\/pages\/33228","targetHints":{"allow":["GET"]}}],"collection":[{"href":"https:\/\/staging2.gzw.ch\/de\/wp-json\/wp\/v2\/pages"}],"about":[{"href":"https:\/\/staging2.gzw.ch\/de\/wp-json\/wp\/v2\/types\/page"}],"author":[{"embeddable":true,"href":"https:\/\/staging2.gzw.ch\/de\/wp-json\/wp\/v2\/users\/1"}],"replies":[{"embeddable":true,"href":"https:\/\/staging2.gzw.ch\/de\/wp-json\/wp\/v2\/comments?post=33228"}],"version-history":[{"count":0,"href":"https:\/\/staging2.gzw.ch\/de\/wp-json\/wp\/v2\/pages\/33228\/revisions"}],"wp:attachment":[{"href":"https:\/\/staging2.gzw.ch\/de\/wp-json\/wp\/v2\/media?parent=33228"}],"curies":[{"name":"wp","href":"https:\/\/api.w.org\/{rel}","templated":true}]}}