{"id":31257,"date":"2021-02-25T08:47:35","date_gmt":"2021-02-25T08:47:35","guid":{"rendered":"https:\/\/staging2.gzw.ch\/?page_id=31257"},"modified":"2026-01-27T15:46:23","modified_gmt":"2026-01-27T15:46:23","slug":"impressum","status":"publish","type":"page","link":"https:\/\/staging2.gzw.ch\/de\/impressum\/","title":{"rendered":"Impressum"},"content":{"rendered":"<div class=\"wpb-content-wrapper\"><p>[vc_row full_width=&#8221;stretch_row&#8221; enable_first_overlay=&#8221;true&#8221; first_overlay_opacity=&#8221;100&#8243; first_background_color=&#8221;#555555&#8243; enable_parallax=&#8221;true&#8221; css=&#8221;.vc_custom_1511655817644{margin-top: -60px !important;}&#8221;][vc_column]\n\t\t\t<!-- START GZW_01_Video_1500 REVOLUTION SLIDER 6.6.20 --><p class=\"rs-p-wp-fix\"><\/p>\n\t\t\t<rs-module-wrap id=\"rev_slider_40_1_wrapper\" data-source=\"gallery\" style=\"visibility:hidden;background:transparent;padding:0;margin:0px auto;margin-top:0;margin-bottom:0;\">\n\t\t\t\t<rs-module id=\"rev_slider_40_1\" style=\"\" data-version=\"6.6.20\">\n\t\t\t\t\t<rs-slides style=\"overflow: hidden; position: absolute;\">\n\t\t\t\t\t\t<rs-slide style=\"position: absolute;\" data-key=\"rs-287\" data-title=\"EllbogenSchulter_Golf_Video_01\" data-in=\"o:0;\" data-out=\"a:false;\">\n\t\t\t\t\t\t\t<img decoding=\"async\" src=\"\/\/staging2.gzw.ch\/wp-content\/plugins\/revslider\/public\/assets\/assets\/dummy.png\" alt=\"\" title=\"gzw_HP-Slider-Golf01-03_ohneAudio_1500_287.jpeg\" width=\"1280\" height=\"720\" class=\"rev-slidebg tp-rs-img rs-lazyload\" data-lazyload=\"\/\/staging2.gzw.ch\/wp-content\/uploads\/revslider\/video-media\/gzw_HP-Slider-Golf01-03_ohneAudio_1500_287.jpeg\" data-no-retina>\n\t\t\t\t\t\t\t<rs-bgvideo \n\t\t\t\t\t\t\t\tdata-video=\"w:100%;h:100%;l:false;ptimer:false;vfc:true;\"\n\t\t\t\t\t\t\t\tdata-mp4=\"\/\/staging2.gzw.ch\/wp-content\/uploads\/2026\/01\/gzw_HP-Slider-Golf01-03_ohneAudio_1500.mp4\"\n\t\t\t\t\t\t\t><\/rs-bgvideo>\n<!---->\t\t\t\t\t\t<\/rs-slide>\n\t\t\t\t\t\t<rs-slide style=\"position: absolute;\" data-key=\"rs-286\" data-title=\"EllbogenSchulter_DehnenSport01_Video_01\" data-in=\"o:0;\" data-out=\"a:false;\">\n\t\t\t\t\t\t\t<img decoding=\"async\" src=\"\/\/staging2.gzw.ch\/wp-content\/plugins\/revslider\/public\/assets\/assets\/dummy.png\" alt=\"\" title=\"gzw_HP-Slider-Dehnen01-03_ohneAudio_1500_286.jpeg\" width=\"1280\" height=\"720\" class=\"rev-slidebg tp-rs-img rs-lazyload\" data-lazyload=\"\/\/staging2.gzw.ch\/wp-content\/uploads\/revslider\/video-media\/gzw_HP-Slider-Dehnen01-03_ohneAudio_1500_286.jpeg\" data-no-retina>\n\t\t\t\t\t\t\t<rs-bgvideo \n\t\t\t\t\t\t\t\tdata-video=\"w:100%;h:100%;l:false;ptimer:false;vfc:true;\"\n\t\t\t\t\t\t\t\tdata-mp4=\"\/\/staging2.gzw.ch\/wp-content\/uploads\/2026\/01\/gzw_HP-Slider-Dehnen01-03_ohneAudio_1500.mp4\"\n\t\t\t\t\t\t\t><\/rs-bgvideo>\n<!---->\t\t\t\t\t\t<\/rs-slide>\n\t\t\t\t\t\t<rs-slide style=\"position: absolute;\" data-key=\"rs-285\" data-title=\"EllbogenSchulter_DehnenSport02_Video_01\" data-in=\"o:0;\" data-out=\"a:false;\">\n\t\t\t\t\t\t\t<img decoding=\"async\" src=\"\/\/staging2.gzw.ch\/wp-content\/plugins\/revslider\/public\/assets\/assets\/dummy.png\" alt=\"\" title=\"gzw_HP-Slider-Dehnen02-04_ohneAudio_1500_285.jpeg\" width=\"1280\" height=\"720\" class=\"rev-slidebg tp-rs-img rs-lazyload\" data-lazyload=\"\/\/staging2.gzw.ch\/wp-content\/uploads\/revslider\/video-media\/gzw_HP-Slider-Dehnen02-04_ohneAudio_1500_285.jpeg\" data-no-retina>\n\t\t\t\t\t\t\t<rs-bgvideo \n\t\t\t\t\t\t\t\tdata-video=\"w:100%;h:100%;l:false;ptimer:false;vfc:true;\"\n\t\t\t\t\t\t\t\tdata-mp4=\"\/\/staging2.gzw.ch\/wp-content\/uploads\/2026\/01\/gzw_HP-Slider-Dehnen02-04_ohneAudio_1500.mp4\"\n\t\t\t\t\t\t\t><\/rs-bgvideo>\n<!---->\t\t\t\t\t\t<\/rs-slide>\n\t\t\t\t\t\t<rs-slide style=\"position: absolute;\" data-key=\"rs-284\" data-title=\"EllbogenSchulter_Krafttraining_01\" data-in=\"o:0;\" data-out=\"a:false;\">\n\t\t\t\t\t\t\t<img decoding=\"async\" src=\"\/\/staging2.gzw.ch\/wp-content\/plugins\/revslider\/public\/assets\/assets\/dummy.png\" alt=\"\" title=\"gzw_HP-Slider-Hantel01-03_ohneAudio_1500_284.jpeg\" width=\"1280\" height=\"720\" class=\"rev-slidebg tp-rs-img rs-lazyload\" data-lazyload=\"\/\/staging2.gzw.ch\/wp-content\/uploads\/revslider\/video-media\/gzw_HP-Slider-Hantel01-03_ohneAudio_1500_284.jpeg\" data-no-retina>\n\t\t\t\t\t\t\t<rs-bgvideo \n\t\t\t\t\t\t\t\tdata-video=\"w:100%;h:100%;l:false;ptimer:false;vfc:true;\"\n\t\t\t\t\t\t\t\tdata-mp4=\"\/\/staging2.gzw.ch\/wp-content\/uploads\/2026\/01\/gzw_HP-Slider-Hantel01-03_ohneAudio_1500.mp4\"\n\t\t\t\t\t\t\t><\/rs-bgvideo>\n<!---->\t\t\t\t\t\t<\/rs-slide>\n\t\t\t\t\t\t<rs-slide style=\"position: absolute;\" data-key=\"rs-283\" data-title=\"EllbogenSchulter_Rudern_Video_01\" data-in=\"o:0;\" data-out=\"a:false;\">\n\t\t\t\t\t\t\t<img decoding=\"async\" src=\"\/\/staging2.gzw.ch\/wp-content\/plugins\/revslider\/public\/assets\/assets\/dummy.png\" alt=\"\" title=\"gzw_HP-Slider-Rudern01-04_ohneAudio_1500_283.jpeg\" width=\"1280\" height=\"720\" class=\"rev-slidebg tp-rs-img rs-lazyload\" data-lazyload=\"\/\/staging2.gzw.ch\/wp-content\/uploads\/revslider\/video-media\/gzw_HP-Slider-Rudern01-04_ohneAudio_1500_283.jpeg\" data-no-retina>\n\t\t\t\t\t\t\t<rs-bgvideo \n\t\t\t\t\t\t\t\tdata-video=\"w:100%;h:100%;l:false;ptimer:false;vfc:true;\"\n\t\t\t\t\t\t\t\tdata-mp4=\"\/\/staging2.gzw.ch\/wp-content\/uploads\/2026\/01\/gzw_HP-Slider-Rudern01-04_ohneAudio_1500.mp4\"\n\t\t\t\t\t\t\t><\/rs-bgvideo>\n<!---->\t\t\t\t\t\t<\/rs-slide>\n\t\t\t\t\t\t<rs-slide style=\"position: absolute;\" data-key=\"rs-282\" data-title=\"EllbogenSchulter_Tennisl_Video_01\" data-in=\"o:0;\" data-out=\"a:false;\">\n\t\t\t\t\t\t\t<img decoding=\"async\" src=\"\/\/staging2.gzw.ch\/wp-content\/plugins\/revslider\/public\/assets\/assets\/dummy.png\" alt=\"\" title=\"gzw_HP-Slider-Tennis01-03_ohneAudio_1500_282.jpeg\" width=\"1280\" height=\"720\" class=\"rev-slidebg tp-rs-img rs-lazyload\" data-lazyload=\"\/\/staging2.gzw.ch\/wp-content\/uploads\/revslider\/video-media\/gzw_HP-Slider-Tennis01-03_ohneAudio_1500_282.jpeg\" data-no-retina>\n\t\t\t\t\t\t\t<rs-bgvideo \n\t\t\t\t\t\t\t\tdata-video=\"w:100%;h:100%;l:false;ptimer:false;vfc:true;\"\n\t\t\t\t\t\t\t\tdata-mp4=\"\/\/staging2.gzw.ch\/wp-content\/uploads\/2026\/01\/gzw_HP-Slider-Tennis01-03_ohneAudio_1500.mp4\"\n\t\t\t\t\t\t\t><\/rs-bgvideo>\n<!---->\t\t\t\t\t\t<\/rs-slide>\n\t\t\t\t\t\t<rs-slide style=\"position: absolute;\" data-key=\"rs-281\" data-title=\"KnieHuefte_Waschmaschine01_Video_01\" data-in=\"o:0;\" data-out=\"a:false;\">\n\t\t\t\t\t\t\t<img decoding=\"async\" src=\"\/\/staging2.gzw.ch\/wp-content\/plugins\/revslider\/public\/assets\/assets\/dummy.png\" alt=\"\" title=\"gzw_HP-Slider-Waschmaschine01-03_ohne-Audio_1500_281.jpeg\" width=\"1280\" height=\"720\" class=\"rev-slidebg tp-rs-img rs-lazyload\" data-lazyload=\"\/\/staging2.gzw.ch\/wp-content\/uploads\/revslider\/video-media\/gzw_HP-Slider-Waschmaschine01-03_ohne-Audio_1500_281.jpeg\" data-no-retina>\n\t\t\t\t\t\t\t<rs-bgvideo \n\t\t\t\t\t\t\t\tdata-video=\"w:100%;h:100%;l:false;ptimer:false;vfc:true;\"\n\t\t\t\t\t\t\t\tdata-mp4=\"\/\/staging2.gzw.ch\/wp-content\/uploads\/2026\/01\/gzw_HP-Slider-Waschmaschine01-03_ohne-Audio_1500.mp4\"\n\t\t\t\t\t\t\t><\/rs-bgvideo>\n<!---->\t\t\t\t\t\t<\/rs-slide>\n\t\t\t\t\t\t<rs-slide style=\"position: absolute;\" data-key=\"rs-280\" data-title=\"Schulter_Buero_Video_01\" data-in=\"o:0;\" data-out=\"a:false;\">\n\t\t\t\t\t\t\t<img decoding=\"async\" src=\"\/\/staging2.gzw.ch\/wp-content\/plugins\/revslider\/public\/assets\/assets\/dummy.png\" alt=\"\" title=\"gzw_HP-Slider-DehnenBuero-08_ohneAudio_1500_280.jpeg\" width=\"1280\" height=\"720\" class=\"rev-slidebg tp-rs-img rs-lazyload\" data-lazyload=\"\/\/staging2.gzw.ch\/wp-content\/uploads\/revslider\/video-media\/gzw_HP-Slider-DehnenBuero-08_ohneAudio_1500_280.jpeg\" data-no-retina>\n\t\t\t\t\t\t\t<rs-bgvideo \n\t\t\t\t\t\t\t\tdata-video=\"w:100%;h:100%;l:false;ptimer:false;vfc:true;\"\n\t\t\t\t\t\t\t\tdata-mp4=\"\/\/staging2.gzw.ch\/wp-content\/uploads\/2026\/01\/gzw_HP-Slider-DehnenBuero-08_ohneAudio_1500.mp4\"\n\t\t\t\t\t\t\t><\/rs-bgvideo>\n<!---->\t\t\t\t\t\t<\/rs-slide>\n\t\t\t\t\t\t<rs-slide style=\"position: absolute;\" data-key=\"rs-275\" data-title=\"HuefteKnie_Velo_Video_01\" data-in=\"o:0;\" data-out=\"a:false;\">\n\t\t\t\t\t\t\t<img decoding=\"async\" src=\"\/\/staging2.gzw.ch\/wp-content\/plugins\/revslider\/public\/assets\/assets\/dummy.png\" alt=\"\" title=\"gzw_HP-Slider-Fahrrad-07_ohneAudio_1500_275.jpeg\" width=\"1280\" height=\"720\" class=\"rev-slidebg tp-rs-img rs-lazyload\" data-lazyload=\"\/\/staging2.gzw.ch\/wp-content\/uploads\/revslider\/video-media\/gzw_HP-Slider-Fahrrad-07_ohneAudio_1500_275.jpeg\" data-no-retina>\n\t\t\t\t\t\t\t<rs-bgvideo \n\t\t\t\t\t\t\t\tdata-video=\"w:100%;h:100%;l:false;ptimer:false;vfc:true;\"\n\t\t\t\t\t\t\t\tdata-mp4=\"\/\/staging2.gzw.ch\/wp-content\/uploads\/2026\/01\/gzw_HP-Slider-Fahrrad-07_ohneAudio_1500.mp4\"\n\t\t\t\t\t\t\t><\/rs-bgvideo>\n<!---->\t\t\t\t\t\t<\/rs-slide>\n\t\t\t\t\t\t<rs-slide style=\"position: absolute;\" data-key=\"rs-279\" data-title=\"KnieHuefte_Fussball01_Video_01\" data-in=\"o:0;\" data-out=\"a:false;\">\n\t\t\t\t\t\t\t<img decoding=\"async\" src=\"\/\/staging2.gzw.ch\/wp-content\/plugins\/revslider\/public\/assets\/assets\/dummy.png\" alt=\"\" title=\"gzw_HP-Slider-Fussball01-08_ohneAudio_1500_279.jpeg\" width=\"1280\" height=\"720\" class=\"rev-slidebg tp-rs-img rs-lazyload\" data-lazyload=\"\/\/staging2.gzw.ch\/wp-content\/uploads\/revslider\/video-media\/gzw_HP-Slider-Fussball01-08_ohneAudio_1500_279.jpeg\" data-no-retina>\n\t\t\t\t\t\t\t<rs-bgvideo \n\t\t\t\t\t\t\t\tdata-video=\"w:100%;h:100%;l:false;ptimer:false;vfc:true;\"\n\t\t\t\t\t\t\t\tdata-mp4=\"\/\/staging2.gzw.ch\/wp-content\/uploads\/2026\/01\/gzw_HP-Slider-Fussball01-08_ohneAudio_1500.mp4\"\n\t\t\t\t\t\t\t><\/rs-bgvideo>\n<!---->\t\t\t\t\t\t<\/rs-slide>\n\t\t\t\t\t\t<rs-slide style=\"position: absolute;\" data-key=\"rs-278\" data-title=\"Knie_Treppe2_Video_01\" data-in=\"o:0;\" data-out=\"a:false;\">\n\t\t\t\t\t\t\t<img decoding=\"async\" src=\"\/\/staging2.gzw.ch\/wp-content\/plugins\/revslider\/public\/assets\/assets\/dummy.png\" alt=\"\" title=\"gzw_HP-Slider-Treppe02-05_ohneAudio_1500_278.jpeg\" width=\"1280\" height=\"720\" class=\"rev-slidebg tp-rs-img rs-lazyload\" data-lazyload=\"\/\/staging2.gzw.ch\/wp-content\/uploads\/revslider\/video-media\/gzw_HP-Slider-Treppe02-05_ohneAudio_1500_278.jpeg\" data-no-retina>\n\t\t\t\t\t\t\t<rs-bgvideo \n\t\t\t\t\t\t\t\tdata-video=\"w:100%;h:100%;l:false;ptimer:false;vfc:true;\"\n\t\t\t\t\t\t\t\tdata-mp4=\"\/\/staging2.gzw.ch\/wp-content\/uploads\/2026\/01\/gzw_HP-Slider-Treppe02-05_ohneAudio_1500.mp4\"\n\t\t\t\t\t\t\t><\/rs-bgvideo>\n<!---->\t\t\t\t\t\t<\/rs-slide>\n\t\t\t\t\t\t<rs-slide style=\"position: absolute;\" data-key=\"rs-276\" data-title=\"Knie_Treppe_Video_01\" data-in=\"o:0;\" data-out=\"a:false;\">\n\t\t\t\t\t\t\t<img decoding=\"async\" src=\"\/\/staging2.gzw.ch\/wp-content\/plugins\/revslider\/public\/assets\/assets\/dummy.png\" alt=\"\" title=\"gzw_HP-Slider-Treppe01_06_ohneAudio_1500_276.jpeg\" width=\"1280\" height=\"720\" class=\"rev-slidebg tp-rs-img rs-lazyload\" data-lazyload=\"\/\/staging2.gzw.ch\/wp-content\/uploads\/revslider\/video-media\/gzw_HP-Slider-Treppe01_06_ohneAudio_1500_276.jpeg\" data-no-retina>\n\t\t\t\t\t\t\t<rs-bgvideo \n\t\t\t\t\t\t\t\tdata-video=\"w:100%;h:100%;l:false;ptimer:false;vfc:true;\"\n\t\t\t\t\t\t\t\tdata-mp4=\"\/\/staging2.gzw.ch\/wp-content\/uploads\/2026\/01\/gzw_HP-Slider-Ski01_07_ohneAudio_1500.mp4\"\n\t\t\t\t\t\t\t><\/rs-bgvideo>\n<!---->\t\t\t\t\t\t<\/rs-slide>\n\t\t\t\t\t\t<rs-slide style=\"position: absolute;\" data-key=\"rs-277\" data-title=\"HuefteKnie_Ski1_Video_01\" data-in=\"o:0;\" data-out=\"a:false;\">\n\t\t\t\t\t\t\t<img decoding=\"async\" src=\"\/\/staging2.gzw.ch\/wp-content\/plugins\/revslider\/public\/assets\/assets\/dummy.png\" alt=\"\" title=\"gzw_HP-Slider-Ski01_07_ohneAudio_1500_277.jpeg\" width=\"1280\" height=\"720\" class=\"rev-slidebg tp-rs-img rs-lazyload\" data-lazyload=\"\/\/staging2.gzw.ch\/wp-content\/uploads\/revslider\/video-media\/gzw_HP-Slider-Ski01_07_ohneAudio_1500_277.jpeg\" data-no-retina>\n\t\t\t\t\t\t\t<rs-bgvideo \n\t\t\t\t\t\t\t\tdata-video=\"w:100%;h:100%;l:false;ptimer:false;vfc:true;\"\n\t\t\t\t\t\t\t\tdata-mp4=\"\/\/staging2.gzw.ch\/wp-content\/uploads\/2026\/01\/gzw_HP-Slider-Ski01_07_ohneAudio_1500.mp4\"\n\t\t\t\t\t\t\t><\/rs-bgvideo>\n<!---->\t\t\t\t\t\t<\/rs-slide>\n\t\t\t\t\t\t<rs-slide style=\"position: absolute;\" data-key=\"rs-274\" data-title=\"EllbogenSchulter_Tasche_Video_01\" data-in=\"o:0;\" data-out=\"a:false;\">\n\t\t\t\t\t\t\t<img decoding=\"async\" src=\"\/\/staging2.gzw.ch\/wp-content\/plugins\/revslider\/public\/assets\/assets\/dummy.png\" alt=\"\" title=\"gzw_HP-Slider-SchulterTasche-05_ohneAudio_1500_274.jpeg\" width=\"1280\" height=\"720\" class=\"rev-slidebg tp-rs-img rs-lazyload\" data-lazyload=\"\/\/staging2.gzw.ch\/wp-content\/uploads\/revslider\/video-media\/gzw_HP-Slider-SchulterTasche-05_ohneAudio_1500_274.jpeg\" data-no-retina>\n\t\t\t\t\t\t\t<rs-bgvideo \n\t\t\t\t\t\t\t\tdata-video=\"w:100%;h:100%;l:false;ptimer:false;vfc:true;\"\n\t\t\t\t\t\t\t\tdata-mp4=\"\/\/staging2.gzw.ch\/wp-content\/uploads\/2026\/01\/gzw_HP-Slider-SchulterTasche-05_ohneAudio_1500.mp4\"\n\t\t\t\t\t\t\t><\/rs-bgvideo>\n<!---->\t\t\t\t\t\t<\/rs-slide>\n\t\t\t\t\t<\/rs-slides>\n\t\t\t\t\t<rs-static-layers><!--\n\n\t\t\t\t\t\t\t--><a\n\t\t\t\t\t\t\t\tid=\"slider-40-slide-40-layer-4\" \n\t\t\t\t\t\t\t\tclass=\"rs-layer rev-btn rs-layer-static\"\n\t\t\t\t\t\t\t\thref=\"\/Praxis\" target=\"_self\"\n\t\t\t\t\t\t\t\tdata-type=\"button\"\n\t\t\t\t\t\t\t\tdata-color=\"#d6d6d6\"\n\t\t\t\t\t\t\t\tdata-rsp_ch=\"on\"\n\t\t\t\t\t\t\t\tdata-xy=\"x:r;xo:13px,10px,8px,6px;y:b;yo:62px,57px,43px,54px;\"\n\t\t\t\t\t\t\t\tdata-text=\"w:normal;s:16,17,16,17;l:35,37,28,32;fw:500;a:center;\"\n\t\t\t\t\t\t\t\tdata-dim=\"w:214px,225px,205px,217px;minh:0,none,none,none;\"\n\t\t\t\t\t\t\t\tdata-basealign=\"slide\"\n\t\t\t\t\t\t\t\tdata-onslides=\"s:1;\"\n\t\t\t\t\t\t\t\tdata-padding=\"r:22,24,18,21;l:22,24,18,21;\"\n\t\t\t\t\t\t\t\tdata-frame_1=\"st:1060;sR:1060;\"\n\t\t\t\t\t\t\t\tdata-frame_999=\"o:0;st:5000;sR:3640;\"\n\t\t\t\t\t\t\t\tdata-frame_hover=\"c:#00356a;bgc:rgba(0,53,106,0.2);bor:0px,0px,0px,0px;\"\n\t\t\t\t\t\t\t\tstyle=\"z-index:9;background-color:rgba(0,32,107,0.54);font-family:'Montserrat';\"\n\t\t\t\t\t\t\t>Kontakt\/Anmeldung \n\t\t\t\t\t\t\t<\/a><!--\n\n\t\t\t\t\t\t\t--><a\n\t\t\t\t\t\t\t\tid=\"slider-40-slide-40-layer-5\" \n\t\t\t\t\t\t\t\tclass=\"rs-layer rev-btn rs-layer-static\"\n\t\t\t\t\t\t\t\thref=\"\/praxis\" target=\"_self\"\n\t\t\t\t\t\t\t\tdata-type=\"button\"\n\t\t\t\t\t\t\t\tdata-color=\"#d6d6d6\"\n\t\t\t\t\t\t\t\tdata-rsp_ch=\"on\"\n\t\t\t\t\t\t\t\tdata-xy=\"x:r;xo:13px,10px,8px,6px;y:b;yo:19px,15px,11px,16px;\"\n\t\t\t\t\t\t\t\tdata-text=\"w:normal;s:16,17,16,17;l:35,36,27,30;fw:500;a:center;\"\n\t\t\t\t\t\t\t\tdata-dim=\"w:214px,225px,205px,217px;minh:0,none,none,none;\"\n\t\t\t\t\t\t\t\tdata-basealign=\"slide\"\n\t\t\t\t\t\t\t\tdata-onslides=\"s:1;\"\n\t\t\t\t\t\t\t\tdata-padding=\"r:22,23,17,19;l:22,23,17,19;\"\n\t\t\t\t\t\t\t\tdata-frame_1=\"st:1380;sR:1380;\"\n\t\t\t\t\t\t\t\tdata-frame_999=\"o:0;st:5000;sR:3320;\"\n\t\t\t\t\t\t\t\tdata-frame_hover=\"c:#00356a;bgc:rgba(0,53,106,0.2);bor:0px,0px,0px,0px;\"\n\t\t\t\t\t\t\t\tstyle=\"z-index:8;background-color:rgba(0,32,107,0.54);font-family:'Montserrat';\"\n\t\t\t\t\t\t\t>Notfall \n\t\t\t\t\t\t\t<\/a><!--\n\t\t\t\t\t--><\/rs-static-layers>\n\t\t\t\t<\/rs-module>\n\t\t\t\t<script>\n\t\t\t\t\tsetREVStartSize({c: 'rev_slider_40_1',rl:[1240,1024,778,480],el:[400,300,300,300],gw:[1240,1024,778,480],gh:[400,300,300,300],type:'standard',justify:'',layout:'fullwidth',mh:\"0\"});if (window.RS_MODULES!==undefined && window.RS_MODULES.modules!==undefined && window.RS_MODULES.modules[\"revslider401\"]!==undefined) {window.RS_MODULES.modules[\"revslider401\"].once = false;window.revapi40 = undefined;if (window.RS_MODULES.checkMinimal!==undefined) window.RS_MODULES.checkMinimal()}\n\t\t\t\t<\/script>\n\t\t\t<\/rs-module-wrap>\n\t\t\t<!-- END REVOLUTION SLIDER -->\n[\/vc_column][\/vc_row][vc_row css=&#8221;.vc_custom_1509846467231{margin-top: 50px !important;}&#8221;][vc_column][vc_column_text]<\/p>\n<h3>Impressum<\/h3>\n<p>[\/vc_column_text][\/vc_column][\/vc_row][vc_row][vc_column][vc_column_text]Gelenkzentrum Winterthur AG<br \/>\nSchickstrasse 11<br \/>\n8400 Winterthur, Schweiz[\/vc_column_text][vc_column_text]Konzeption\/Gestaltung: <a href=\"http:\/\/eglicreative.ch\">Egli Creative<\/a><br \/>\nTechnische Begleitung: <a href=\"http:\/\/ehp.ch\">EHP Concept GmbH<\/a>[\/vc_column_text][\/vc_column][\/vc_row][vc_row][vc_column][vc_text_separator title=&#8221;Allgemeine rechtliche Informationen&#8221;][vc_column_text]<\/p>\n<h3>Einverst\u00e4ndnis<\/h3>\n<p class=\"first\">Mit dem Zugriff auf diese Website \u2013 einschliesslich den Unterseiten und den verlinkten Seiten \u2013 erkl\u00e4ren Sie, dass Sie die nachfolgenden rechtlichen Hinweise und Informationen verstanden haben und anerkennen.<\/p>\n<p>Sofern Teile dieses Textes der geltenden Rechtslage nicht oder nicht mehr entsprechen sollten, bleiben die \u00fcbrigen Teile des Textes in ihrem Inhalt und ihrer G\u00fcltigkeit davon unber\u00fchrt.[\/vc_column_text][vc_column_text]<\/p>\n<h3>Haftungsausschluss<\/h3>\n<p class=\"first\">Die Gelenkzentrum Winterthur AG erstellte diese Website mit gr\u00f6sstm\u00f6glicher Sorgfalt. Ihre Inhalte werden regelm\u00e4ssig gepr\u00fcft und aktualisiert.<\/p>\n<p>Dennoch k\u00f6nnen Fehler und Irrt\u00fcmer nicht ausgeschlossen werden. Wir \u00fcbernehmen keine Gew\u00e4hr f\u00fcr die Aktualit\u00e4t, die Richtigkeit und Vollst\u00e4ndigkeit der bereitgestellten Inhalte und Informationen.<\/p>\n<p>Die Nutzung der abrufbaren Inhalte erfolgt auf eigene Gefahr des Nutzers.<\/p>\n<p>Der Haftungsausschluss gilt auch f\u00fcr die Inhalte externer Websites, die mit dieser Seite verlinkt sind.<\/p>\n<p>[\/vc_column_text][vc_column_text]<\/p>\n<h3>Urheberrechte<\/h3>\n<p class=\"first\">Die Website, ihre Struktur und grafische Gestaltung sowie s\u00e4mtliche Inhalte, Informationen, Bilder und Daten sind urheberrechtlich gesch\u00fctzt.<\/p>\n<p>Es wurden u. a. Bilder verschiedener Bildarchive verwendet und zum Teil kombiniert. Das Copyright der Bilder liegt bei den unten aufgef\u00fchrten Quellen bzw. der jeweiligen Fotografen.<\/p>\n<p>Diese Website und ihre Inhalte d\u00fcrfen weder als Ganzes noch d\u00fcrfen Teile davon ohne schriftliche Genehmigung der Gelenkzentrum Winterthur AG \u00fcbernommen, verwendet, ge\u00e4ndert oder zitiert werden.<\/p>\n<p>Die Gelenkzentrum Winterthur AG ist bestrebt, auf ihrer Website geltende Urheberrechte zu beachten. Sollte wider Erwarten trotzdem eine Urheberrechtsverletzung festgestellt werden und sich eine diesbez\u00fcgliche Benachrichtigung als begr\u00fcndet erweisen, wird die Gelenkzentrum Winterthur AG das betroffene Objekt aus ihrer Website entfernen bzw. mit dem entsprechenden Urheberrechtshinweis kenntlich machen.<\/p>\n<p>[\/vc_column_text][vc_column_text]<\/p>\n<h3>Bildquellen<\/h3>\n<p><a class=\"bb-url\" href=\"http:\/\/www.stock.adobe.com\/\" target=\"_blank\" rel=\"noopener\">stock.adobe.com<\/a><br \/>\n<a class=\"bb-url\" href=\"http:\/\/www.fotolia.com\/\" target=\"_blank\" rel=\"noopener\">fotolia.com<\/a><br \/>\nArchiv der Gelenkzentrum Winterthur AG<br \/>\nArchiv der Medacta International SA<br \/>\nArchiv der Swiss Medical Network Hospitals SA<br \/>\nPortraitfotos: Margrith Widmer, <a href=\"https:\/\/margrithwidmer.com\/\">Swiss Business Photography<\/a>[\/vc_column_text][vc_column_text]<\/p>\n<h3>Marken- und andere Schutzrechte<\/h3>\n<p>Alle auf den Webseiten genannten und gegebenenfalls durch Dritte gesch\u00fctzte Marken- und Warenzeichen unterliegen uneingeschr\u00e4nkt den Bestimmungen des jeweils g\u00fcltigen Kennzeichenrechts und den Besitzrechten der jeweiligen eingetragenen Eigent\u00fcmer. Allein aufgrund der blossen Nennung kann nicht der Schluss gezogen werden, dass Markenzeichen nicht durch Rechte Dritter gesch\u00fctzt sind.<\/p>\n<p>[\/vc_column_text][vc_column_text]<\/p>\n<h3>Abmahnungen u. \u00c4.<\/h3>\n<p>Falls Besucher und\/oder deren Rechtsvertreter auf dieser Website Urheberrechtsverletzungen, wettbewerbsrechtliche oder andere, rechtlich relevante Probleme festzustellen glauben, zur Vermeidung unn\u00f6tiger Rechtsstreitereien und Kosten eine vorg\u00e4ngige Kontaktaufnahme erwartet. Ohne eine solche vorhergehende, \u00abunaufgeregte\u00bb Kontaktaufnahme mit der Gelenkzentrum Winterthur AG werden Kostennoten von anwaltlichen Abmahnungen u. \u00c4. im Sinne einer Schadensminderungspflicht grunds\u00e4tzlich als unbegr\u00fcndet zur\u00fcckgewiesen. Rechtsmissbr\u00e4uchliche Abmahnungen werden straf- und zivilrechtlich verfolgt.<\/p>\n<p>[\/vc_column_text][vc_column_text]<\/p>\n<h3>Anwendbares Recht und Gerichtsstand<\/h3>\n<p>Die Benutzung dieser Website (inklusive dieser rechtlichen Hinweise) untersteht dem schweizerischen Recht. Der ausschliessliche Gerichtsstand f\u00fcr Streitigkeiten aus oder in Verbindung mit der Verwendung dieser Website ist 8400 Winterthur, Schweiz.<\/p>\n<p>[\/vc_column_text][\/vc_column][\/vc_row]<\/p>\n<\/div>","protected":false},"excerpt":{"rendered":"<p>[vc_row full_width=&#8221;stretch_row&#8221; enable_first_overlay=&#8221;true&#8221; first_overlay_opacity=&#8221;100&#8243; first_background_color=&#8221;#555555&#8243; enable_parallax=&#8221;true&#8221; css=&#8221;.vc_custom_1511655817644{margin-top: -60px !important;}&#8221;][vc_column][\/vc_column][\/vc_row][vc_row css=&#8221;.vc_custom_1509846467231{margin-top: 50px !important;}&#8221;][vc_column][vc_column_text] Impressum [\/vc_column_text][\/vc_column][\/vc_row][vc_row][vc_column][vc_column_text]Gelenkzentrum Winterthur AG Schickstrasse 11 8400 Winterthur, Schweiz[\/vc_column_text][vc_column_text]Konzeption\/Gestaltung: Egli Creative Technische Begleitung: EHP Concept GmbH[\/vc_column_text][\/vc_column][\/vc_row][vc_row][vc_column][vc_text_separator title=&#8221;Allgemeine rechtliche Informationen&#8221;][vc_column_text] Einverst\u00e4ndnis Mit dem Zugriff auf diese Website \u2013 einschliesslich den Unterseiten und den verlinkten Seiten \u2013 erkl\u00e4ren Sie, dass Sie die nachfolgenden rechtlichen Hinweise<\/p>\n","protected":false},"author":1,"featured_media":0,"parent":0,"menu_order":0,"comment_status":"closed","ping_status":"closed","template":"","meta":{"footnotes":""},"class_list":["post-31257","page","type-page","status-publish","hentry"],"_links":{"self":[{"href":"https:\/\/staging2.gzw.ch\/de\/wp-json\/wp\/v2\/pages\/31257","targetHints":{"allow":["GET"]}}],"collection":[{"href":"https:\/\/staging2.gzw.ch\/de\/wp-json\/wp\/v2\/pages"}],"about":[{"href":"https:\/\/staging2.gzw.ch\/de\/wp-json\/wp\/v2\/types\/page"}],"author":[{"embeddable":true,"href":"https:\/\/staging2.gzw.ch\/de\/wp-json\/wp\/v2\/users\/1"}],"replies":[{"embeddable":true,"href":"https:\/\/staging2.gzw.ch\/de\/wp-json\/wp\/v2\/comments?post=31257"}],"version-history":[{"count":1,"href":"https:\/\/staging2.gzw.ch\/de\/wp-json\/wp\/v2\/pages\/31257\/revisions"}],"predecessor-version":[{"id":36083,"href":"https:\/\/staging2.gzw.ch\/de\/wp-json\/wp\/v2\/pages\/31257\/revisions\/36083"}],"wp:attachment":[{"href":"https:\/\/staging2.gzw.ch\/de\/wp-json\/wp\/v2\/media?parent=31257"}],"curies":[{"name":"wp","href":"https:\/\/api.w.org\/{rel}","templated":true}]}}